{"id":9,"date":"2022-12-06T11:00:05","date_gmt":"2022-12-06T11:00:05","guid":{"rendered":"https:\/\/klapa-nautica.com\/?page_id=9"},"modified":"2024-09-10T11:13:48","modified_gmt":"2024-09-10T11:13:48","slug":"dodatne-usluge","status":"publish","type":"page","link":"https:\/\/klapa-nautica.com\/en\/dodatne-usluge\/","title":{"rendered":"Extra services"},"content":{"rendered":"<div data-elementor-type=\"wp-page\" data-elementor-id=\"9\" class=\"elementor elementor-9\" data-elementor-post-type=\"page\">\n\t\t\t\t\t\t<section class=\"elementor-section elementor-top-section elementor-element elementor-element-20acc65 elementor-section-height-min-height elementor-section-content-middle elementor-section-boxed elementor-section-height-default elementor-section-items-middle\" data-id=\"20acc65\" data-element_type=\"section\" data-e-type=\"section\" data-settings=\"{&quot;background_background&quot;:&quot;classic&quot;,&quot;shape_divider_bottom&quot;:&quot;book&quot;}\">\n\t\t\t\t\t\t\t<div class=\"elementor-background-overlay\"><\/div>\n\t\t\t\t\t\t<div class=\"elementor-shape elementor-shape-bottom\" aria-hidden=\"true\" data-negative=\"false\">\n\t\t\t<svg xmlns=\"http:\/\/www.w3.org\/2000\/svg\" viewbox=\"0 0 1000 100\" preserveaspectratio=\"none\">\n\t<path class=\"elementor-shape-fill\" d=\"M194,99c186.7,0.7,305-78.3,306-97.2c1,18.9,119.3,97.9,306,97.2c114.3-0.3,194,0.3,194,0.3s0-91.7,0-100c0,0,0,0,0-0 L0,0v99.3C0,99.3,79.7,98.7,194,99z\"\/>\n<\/svg>\t\t<\/div>\n\t\t\t\t\t<div class=\"elementor-container elementor-column-gap-default\">\n\t\t\t\t\t<div class=\"elementor-column elementor-col-100 elementor-top-column elementor-element elementor-element-6faab77f\" data-id=\"6faab77f\" data-element_type=\"column\" data-e-type=\"column\">\n\t\t\t<div class=\"elementor-widget-wrap\">\n\t\t\t\t\t\t\t<\/div>\n\t\t<\/div>\n\t\t\t\t\t<\/div>\n\t\t<\/section>\n\t\t\t\t<section class=\"elementor-section elementor-top-section elementor-element elementor-element-f2a140e elementor-section-boxed elementor-section-height-default elementor-section-height-default\" data-id=\"f2a140e\" data-element_type=\"section\" data-e-type=\"section\">\n\t\t\t\t\t\t<div class=\"elementor-container elementor-column-gap-default\">\n\t\t\t\t\t<div class=\"elementor-column elementor-col-100 elementor-top-column elementor-element elementor-element-ba407df\" data-id=\"ba407df\" data-element_type=\"column\" data-e-type=\"column\">\n\t\t\t<div class=\"elementor-widget-wrap elementor-element-populated\">\n\t\t\t\t\t\t<div class=\"elementor-element elementor-element-2bc3354 elementor-widget elementor-widget-heading\" data-id=\"2bc3354\" data-element_type=\"widget\" data-e-type=\"widget\" data-widget_type=\"heading.default\">\n\t\t\t\t<div class=\"elementor-widget-container\">\n\t\t\t\t\t<h2 class=\"elementor-heading-title elementor-size-default\">Extra services<\/h2>\t\t\t\t<\/div>\n\t\t\t\t<\/div>\n\t\t\t\t<div class=\"elementor-element elementor-element-5af1988 elementor-widget elementor-widget-text-editor\" data-id=\"5af1988\" data-element_type=\"widget\" data-e-type=\"widget\" data-widget_type=\"text-editor.default\">\n\t\t\t\t<div class=\"elementor-widget-container\">\n\t\t\t\t\t\t\t\t\t<table>\n<tbody>\n<tr>\n<td width=\"604\">** Final cleaning + (cooking gas, bed linen, towels, kitchen set\ndishes, glasses and cutlery)<\/td>\n<td width=\"104\"><strong>150 \u20ac<\/strong><\/td>\n<\/tr>\n<tr>\n<td width=\"604\">Auxiliary inflatable boat 1.8m HERCULES + outboard motor SUZUKI DF 2.5S + aluminum oars<\/td>\n<td width=\"104\"><b>FREE<\/b><\/td>\n<\/tr>\n<tr>\n<td width=\"604\">Additional towels (4 pcs) + bed linen for all beds<\/td>\n<td width=\"104\"><strong>30 \u20ac<\/strong><\/td>\n<\/tr>\n<tr>\n<td width=\"604\">*** Pets (up to 5 kg) + cot + bowls + life jacket for dogs - <b>MANDATORY PRIOR NOTICE!<\/b><\/td>\n<td width=\"104\"><strong>100 \u20ac<\/strong><\/td>\n<\/tr>\n<tr>\n<td width=\"604\">Wi-Fi (KlaPa)<\/td>\n<td width=\"104\"><strong>FREE\u00a0<\/strong><\/td>\n<\/tr>\n<tr>\n<td width=\"604\">Portable refrigerator IGLOO; 34 l + cooling inserts<\/td>\n<td width=\"104\"><strong>FREE\u00a0<\/strong><\/td>\n<\/tr>\n<tr>\n<td width=\"604\">Grocery shopping service and delivery to the ship before check-in<\/td>\n<td width=\"104\"><strong>Cost of the receipt + 30 \u20ac  service fee <\/strong><\/td>\n<\/tr>\n<tr>\n<td width=\"604\"> Boat transport service to a desired marina<\/td>\n<td width=\"104\"><strong> 150 \u20ac <\/strong>\n<\/tr>\n<tr>\n<td width=\"604\"> Meet-and-greet and transportation service from Zadar Airport to Novigrad<\/td>\n<td width=\"104\"><strong> 100 \u20ac <\/strong>\n<\/tr>\n<tr>\n<td width=\"604\"><em>Additional cleaning is charged in cases caused by: health problems, gross negligence and the like. Additional cleaning is charged during checkout.<\/em><\/td>\n<td width=\"104\"><strong><em>min. 150 \u20ac<\/em><\/strong><\/td>\n<\/tr>\n\n<\/tbody>\n<\/table>\t\t\t\t\t\t\t\t<\/div>\n\t\t\t\t<\/div>\n\t\t\t\t<div class=\"elementor-element elementor-element-011586b elementor-widget elementor-widget-text-editor\" data-id=\"011586b\" data-element_type=\"widget\" data-e-type=\"widget\" data-widget_type=\"text-editor.default\">\n\t\t\t\t<div class=\"elementor-widget-container\">\n\t\t\t\t\t\t\t\t\t<p><strong>** Mandatory - payment during check in, cash<\/strong><\/p><p><strong>*** Mandatory - announcement when enquiring, payment during check in, cash<\/strong><\/p>\t\t\t\t\t\t\t\t<\/div>\n\t\t\t\t<\/div>\n\t\t\t\t\t<\/div>\n\t\t<\/div>\n\t\t\t\t\t<\/div>\n\t\t<\/section>\n\t\t\t\t<section class=\"elementor-section elementor-top-section elementor-element elementor-element-42024a3 elementor-section-boxed elementor-section-height-default elementor-section-height-default\" data-id=\"42024a3\" data-element_type=\"section\" data-e-type=\"section\">\n\t\t\t\t\t\t<div class=\"elementor-container elementor-column-gap-default\">\n\t\t\t\t\t<div class=\"elementor-column elementor-col-100 elementor-top-column elementor-element elementor-element-e3b3610\" data-id=\"e3b3610\" data-element_type=\"column\" data-e-type=\"column\">\n\t\t\t<div class=\"elementor-widget-wrap elementor-element-populated\">\n\t\t\t\t\t\t\t<\/div>\n\t\t<\/div>\n\t\t\t\t\t<\/div>\n\t\t<\/section>\n\t\t\t\t<section class=\"elementor-section elementor-top-section elementor-element elementor-element-a3dd29c elementor-section-boxed elementor-section-height-default elementor-section-height-default elementor-invisible\" data-id=\"a3dd29c\" data-element_type=\"section\" data-e-type=\"section\" data-settings=\"{&quot;animation&quot;:&quot;fadeInLeft&quot;}\">\n\t\t\t\t\t\t<div class=\"elementor-container elementor-column-gap-default\">\n\t\t\t\t\t<div class=\"elementor-column elementor-col-100 elementor-top-column elementor-element elementor-element-8ee9570\" data-id=\"8ee9570\" data-element_type=\"column\" data-e-type=\"column\">\n\t\t\t<div class=\"elementor-widget-wrap elementor-element-populated\">\n\t\t\t\t\t\t<div class=\"elementor-element elementor-element-049ef45 elementor-widget elementor-widget-image\" data-id=\"049ef45\" data-element_type=\"widget\" data-e-type=\"widget\" data-widget_type=\"image.default\">\n\t\t\t\t<div class=\"elementor-widget-container\">\n\t\t\t\t\t\t\t\t\t\t\t\t\t\t\t<img fetchpriority=\"high\" decoding=\"async\" width=\"1024\" height=\"120\" src=\"https:\/\/klapa-nautica.com\/wp-content\/uploads\/2022\/12\/vez-1-1024x120.png\" class=\"attachment-large size-large wp-image-636\" alt=\"\" srcset=\"https:\/\/klapa-nautica.com\/wp-content\/uploads\/2022\/12\/vez-1-1024x120.png 1024w, https:\/\/klapa-nautica.com\/wp-content\/uploads\/2022\/12\/vez-1-300x35.png 300w, https:\/\/klapa-nautica.com\/wp-content\/uploads\/2022\/12\/vez-1-768x90.png 768w, https:\/\/klapa-nautica.com\/wp-content\/uploads\/2022\/12\/vez-1.png 1241w\" sizes=\"(max-width: 1024px) 100vw, 1024px\" \/>\t\t\t\t\t\t\t\t\t\t\t\t\t\t\t<\/div>\n\t\t\t\t<\/div>\n\t\t\t\t\t<\/div>\n\t\t<\/div>\n\t\t\t\t\t<\/div>\n\t\t<\/section>\n\t\t\t\t<\/div>","protected":false},"excerpt":{"rendered":"<p>Dodatne usluge ** Zavr\u0161no \u010di\u0161\u0107enje + (plin za kuhanje, krevetnina, ru\u010dnici, komplet kuhinjsko posu\u0111e, \u010da\u0161e i pribor za jelo) 150 \u20ac Pomo\u0107ni \u010damac na napuhavanje 1,8m HERCULES + vanbrodski motor SUZUKI DF 2,5S + aluminijska vesla FREE Dodatni ru\u010dnici (4 kom) + posteljina za sve le\u017eajeve 30 \u20ac *** Ku\u0107ni ljubimci (do 5 kg) + [&hellip;]<\/p>\n","protected":false},"author":1,"featured_media":0,"parent":0,"menu_order":0,"comment_status":"closed","ping_status":"closed","template":"","meta":{"site-sidebar-layout":"no-sidebar","site-content-layout":"page-builder","ast-site-content-layout":"default","site-content-style":"default","site-sidebar-style":"default","ast-global-header-display":"","ast-banner-title-visibility":"","ast-main-header-display":"","ast-hfb-above-header-display":"","ast-hfb-below-header-display":"","ast-hfb-mobile-header-display":"","site-post-title":"disabled","ast-breadcrumbs-content":"","ast-featured-img":"disabled","footer-sml-layout":"","theme-transparent-header-meta":"","adv-header-id-meta":"","stick-header-meta":"","header-above-stick-meta":"","header-main-stick-meta":"","header-below-stick-meta":"","astra-migrate-meta-layouts":"default","ast-page-background-enabled":"default","ast-page-background-meta":{"desktop":{"background-color":"var(--ast-global-color-4)","background-image":"","background-repeat":"repeat","background-position":"center center","background-size":"auto","background-attachment":"scroll","background-type":"","background-media":"","overlay-type":"","overlay-color":"","overlay-opacity":"","overlay-gradient":""},"tablet":{"background-color":"","background-image":"","background-repeat":"repeat","background-position":"center center","background-size":"auto","background-attachment":"scroll","background-type":"","background-media":"","overlay-type":"","overlay-color":"","overlay-opacity":"","overlay-gradient":""},"mobile":{"background-color":"","background-image":"","background-repeat":"repeat","background-position":"center center","background-size":"auto","background-attachment":"scroll","background-type":"","background-media":"","overlay-type":"","overlay-color":"","overlay-opacity":"","overlay-gradient":""}},"ast-content-background-meta":{"desktop":{"background-color":"var(--ast-global-color-5)","background-image":"","background-repeat":"repeat","background-position":"center center","background-size":"auto","background-attachment":"scroll","background-type":"","background-media":"","overlay-type":"","overlay-color":"","overlay-opacity":"","overlay-gradient":""},"tablet":{"background-color":"var(--ast-global-color-5)","background-image":"","background-repeat":"repeat","background-position":"center center","background-size":"auto","background-attachment":"scroll","background-type":"","background-media":"","overlay-type":"","overlay-color":"","overlay-opacity":"","overlay-gradient":""},"mobile":{"background-color":"var(--ast-global-color-5)","background-image":"","background-repeat":"repeat","background-position":"center center","background-size":"auto","background-attachment":"scroll","background-type":"","background-media":"","overlay-type":"","overlay-color":"","overlay-opacity":"","overlay-gradient":""}},"footnotes":""},"class_list":["post-9","page","type-page","status-publish","hentry"],"_links":{"self":[{"href":"https:\/\/klapa-nautica.com\/en\/wp-json\/wp\/v2\/pages\/9","targetHints":{"allow":["GET"]}}],"collection":[{"href":"https:\/\/klapa-nautica.com\/en\/wp-json\/wp\/v2\/pages"}],"about":[{"href":"https:\/\/klapa-nautica.com\/en\/wp-json\/wp\/v2\/types\/page"}],"author":[{"embeddable":true,"href":"https:\/\/klapa-nautica.com\/en\/wp-json\/wp\/v2\/users\/1"}],"replies":[{"embeddable":true,"href":"https:\/\/klapa-nautica.com\/en\/wp-json\/wp\/v2\/comments?post=9"}],"version-history":[{"count":103,"href":"https:\/\/klapa-nautica.com\/en\/wp-json\/wp\/v2\/pages\/9\/revisions"}],"predecessor-version":[{"id":1120,"href":"https:\/\/klapa-nautica.com\/en\/wp-json\/wp\/v2\/pages\/9\/revisions\/1120"}],"wp:attachment":[{"href":"https:\/\/klapa-nautica.com\/en\/wp-json\/wp\/v2\/media?parent=9"}],"curies":[{"name":"wp","href":"https:\/\/api.w.org\/{rel}","templated":true}]}}